{"id":81280,"date":"2025-02-14T14:28:25","date_gmt":"2025-02-14T12:28:25","guid":{"rendered":"https:\/\/euro-brand-pl-417875.hostingersite.com\/import\/"},"modified":"2025-02-16T18:52:00","modified_gmt":"2025-02-16T16:52:00","slug":"import","status":"publish","type":"page","link":"https:\/\/euro-brand.pl\/en\/import\/","title":{"rendered":"Import"},"content":{"rendered":"\t\t<div data-elementor-type=\"wp-page\" data-elementor-id=\"81280\" class=\"elementor elementor-81280 elementor-81247\">\n\t\t\t\t<div class=\"elementor-element elementor-element-75eb259 e-con-full e-flex e-con e-parent\" data-id=\"75eb259\" data-element_type=\"container\">\n\t\t<div class=\"elementor-element elementor-element-e923083 e-con-full e-flex e-con e-child\" data-id=\"e923083\" data-element_type=\"container\" data-settings=\"{&quot;background_background&quot;:&quot;classic&quot;}\">\n\t\t\t\t<div class=\"elementor-element elementor-element-0ab3fbb wd-page-title-el elementor-widget elementor-widget-wd_page_title\" data-id=\"0ab3fbb\" data-element_type=\"widget\" data-widget_type=\"wd_page_title.default\">\n\t\t\t\t<div class=\"elementor-widget-container\">\n\t\t\t\t\t\t\t\t\t<div class=\"wd-page-title page-title  page-title-default title-size-small title-design-default color-scheme-default\" style=\"\">\n\t\t\t\t\t<div class=\"container\">\n\t\t\t\t\t\t\t\t\t\t\t\t\t\t\t\t\t\t\t\t\t<h1 class=\"entry-title title\">\n\t\t\t\t\t\t\t\t\tImport\t\t\t\t\t\t\t\t<\/h1>\n\n\t\t\t\t\t\t\t\t\t\t\t\t\t\t\t\n\t\t\t\t\t\t\t\t\t\t\t\t\t\t\t\t\t\t<\/div>\n\t\t\t\t<\/div>\n\t\t\t\t\t\t\t<\/div>\n\t\t\t\t<\/div>\n\t\t\t\t<div class=\"elementor-element elementor-element-a4b855d text-center color-scheme-inherit elementor-widget elementor-widget-text-editor\" data-id=\"a4b855d\" data-element_type=\"widget\" data-widget_type=\"text-editor.default\">\n\t\t\t\t<div class=\"elementor-widget-container\">\n\t\t\t\t\t\t\t\t\t<p>W odpowiedzi na potrzeby naszych Klient\u00f3w wprowadzili\u015bmy us\u0142ug\u0119\u00a0<strong>IMPORT<\/strong>, kt\u00f3ra umo\u017cliwia kompleksow\u0105 obs\u0142ug\u0119 zam\u00f3wie\u0144 indywidualnych bezpo\u015brednio u dostawc\u00f3w z Dalekiego Wschodu. Chcesz dowiedzie\u0107 si\u0119 wi\u0119cej? Sprawd\u017a, dlaczego warto powierzy\u0107 nam swoje zam\u00f3wienie!<\/p>\n\t\t\t\t\t\t\t\t<\/div>\n\t\t\t\t<\/div>\n\t\t\t\t<div class=\"elementor-element elementor-element-35180b1 elementor-widget elementor-widget-wd_text_block\" data-id=\"35180b1\" data-element_type=\"widget\" data-widget_type=\"wd_text_block.default\">\n\t\t\t\t<div class=\"elementor-widget-container\">\n\t\t\t\t\t\t\t<div class=\"wd-text-block reset-last-child text-left\">\n\t\t\t\n\t\t\t<h3><strong>DLA KOGO JEST US\u0141UGA IMPORT?<\/strong><\/h3><p>Us\u0142uga\u00a0<strong>IMPORT<\/strong>\u00a0to idealne rozwi\u0105zanie dla:<\/p><ul><li><p><strong>Firm organizuj\u0105cych du\u017ce kampanie promocyjne<\/strong>, gdzie liczy si\u0119 ilo\u015b\u0107 i atrakcyjna cena.<\/p><\/li><li><p><strong>Klient\u00f3w poszukuj\u0105cych nietypowych produkt\u00f3w<\/strong>, kt\u00f3re wykraczaj\u0105 poza standardow\u0105 ofert\u0119 katalogow\u0105.<\/p><\/li><\/ul><p>Aby otrzyma\u0107 wycen\u0119, wystarczy skontaktowa\u0107 si\u0119 z naszym dzia\u0142em importu, wype\u0142niaj\u0105c formularz. Prosimy o dok\u0142adne opisanie poszukiwanego produktu, uwzgl\u0119dniaj\u0105c: nazw\u0119, kolor, rozmiar, materia\u0142, ilo\u015b\u0107, opakowanie, znakowanie oraz dodatkowe informacje.<\/p>\n\t\t\t\t\t<\/div>\n\t\t\t\t\t\t<\/div>\n\t\t\t\t<\/div>\n\t\t\t\t<div class=\"elementor-element elementor-element-bb1e0e1 elementor-widget__width-inherit elementor-widget elementor-widget-wd_text_block\" data-id=\"bb1e0e1\" data-element_type=\"widget\" data-widget_type=\"wd_text_block.default\">\n\t\t\t\t<div class=\"elementor-widget-container\">\n\t\t\t\t\t\t\t<div class=\"wd-text-block reset-last-child text-left\">\n\t\t\t\n\t\t\t<h2>JAK TO DZIA\u0141A?<\/h2><p>Us\u0142uga\u00a0<strong>IMPORT<\/strong>\u00a0obejmuje:<\/p><ol start=\"1\"><li><strong>Przygotowanie oferty<\/strong>\u00a0zgodnie z Twoimi wymaganiami.<\/li><li><strong>Zam\u00f3wienie wzor\u00f3w<\/strong>\u00a0i prototyp\u00f3w.<\/li><li><strong>Z\u0142o\u017cenie zam\u00f3wienia<\/strong>\u00a0u sprawdzonych dostawc\u00f3w.<\/li><li><strong>Akceptacja prototypu<\/strong>\u00a0przed rozpocz\u0119ciem produkcji.<\/li><li><strong>Kontrola jako\u015bciowa<\/strong>\u00a0ka\u017cdego produktu.<\/li><li><strong>Transport i terminowa dostawa<\/strong>\u00a0pod wskazany adres.<\/li><\/ol>\n\t\t\t\t\t<\/div>\n\t\t\t\t\t\t<\/div>\n\t\t\t\t<\/div>\n\t\t\t\t<div class=\"elementor-element elementor-element-535fab5 elementor-widget elementor-widget-wd_text_block\" data-id=\"535fab5\" data-element_type=\"widget\" data-widget_type=\"wd_text_block.default\">\n\t\t\t\t<div class=\"elementor-widget-container\">\n\t\t\t\t\t\t\t<div class=\"wd-text-block reset-last-child text-left\">\n\t\t\t\n\t\t\t<h3>CO ZAPEWNIAMY?<\/h3><p>W ramach us\u0142ugi\u00a0<strong>IMPORT<\/strong>\u00a0oferujemy:<\/p><ul><li><p><strong>Pe\u0142n\u0105 obs\u0142ug\u0119 formalno\u015bci importowych<\/strong>.<\/p><\/li><li><p><strong>Profesjonaln\u0105 obs\u0142ug\u0119 finansow\u0105 i logistyczn\u0105<\/strong>.<\/p><\/li><li><p><strong>Zarz\u0105dzanie formalno\u015bciami celnymi<\/strong>.<\/p><\/li><\/ul><p>Na ka\u017cdym etapie procesu dbamy o jako\u015b\u0107 i terminowo\u015b\u0107 realizacji. Regularnie informujemy o post\u0119pach w realizacji zam\u00f3wienia.<\/p>\n\t\t\t\t\t<\/div>\n\t\t\t\t\t\t<\/div>\n\t\t\t\t<\/div>\n\t\t\t\t<div class=\"elementor-element elementor-element-ca7bfb7 elementor-widget elementor-widget-wd_text_block\" data-id=\"ca7bfb7\" data-element_type=\"widget\" data-widget_type=\"wd_text_block.default\">\n\t\t\t\t<div class=\"elementor-widget-container\">\n\t\t\t\t\t\t\t<div class=\"wd-text-block reset-last-child text-left\">\n\t\t\t\n\t\t\t<h3><strong>Skorzystaj z Naszej Us\u0142ugi IMPORT i Stw\u00f3rz Wyj\u0105tkowe Gad\u017cety Reklamowe!<\/strong><\/h3><p>Czy szukasz niezawodnego partnera, kt\u00f3ry pomo\u017ce Ci w realizacji niestandardowych zam\u00f3wie\u0144 na gad\u017cety reklamowe? Nasza us\u0142uga\u00a0<strong>IMPORT<\/strong>\u00a0to idealne rozwi\u0105zanie dla firm, kt\u00f3re chc\u0105 wyr\u00f3\u017cni\u0107 si\u0119 na rynku. Dzi\u0119ki kompleksowej obs\u0142udze \u2013 od przygotowania oferty po dostaw\u0119 \u2013 oszcz\u0119dzasz czas i pieni\u0105dze, a jednocze\u015bnie zyskujesz dost\u0119p do produkt\u00f3w najwy\u017cszej jako\u015bci.<\/p><p><strong>Nie czekaj!<\/strong>\u00a0Skontaktuj si\u0119 z nami ju\u017c dzi\u015b, aby om\u00f3wi\u0107 swoje potrzeby. Wype\u0142nij formularz lub zadzwo\u0144, a nasi eksperci przygotuj\u0105 dla Ciebie spersonalizowan\u0105 ofert\u0119. Stw\u00f3rz z nami gad\u017cety, kt\u00f3re przyci\u0105gn\u0105 uwag\u0119 Twoich klient\u00f3w i wzmocni\u0105 wizerunek Twojej marki!<\/p>\n\t\t\t\t\t<\/div>\n\t\t\t\t\t\t<\/div>\n\t\t\t\t<\/div>\n\t\t\t\t<\/div>\n\t\t<div class=\"elementor-element elementor-element-f624a5e e-con-full elementor-hidden-tablet elementor-hidden-mobile e-flex e-con e-child\" data-id=\"f624a5e\" data-element_type=\"container\">\n\t\t\t\t<div class=\"elementor-element elementor-element-efabd16 elementor-widget elementor-widget-shortcode\" data-id=\"efabd16\" data-element_type=\"widget\" data-widget_type=\"shortcode.default\">\n\t\t\t\t<div class=\"elementor-widget-container\">\n\t\t\t\t\t\t\t<div class=\"elementor-shortcode\">\t\t\t<link rel=\"stylesheet\" id=\"elementor-post-18165-css\" href=\"https:\/\/euro-brand.pl\/wp-content\/uploads\/elementor\/css\/post-18165.css?ver=1765968008\" type=\"text\/css\" media=\"all\">\n\t\t\t\t\t<div data-elementor-type=\"wp-post\" data-elementor-id=\"18165\" class=\"elementor elementor-18165 elementor-14826\">\n\t\t\t\t<div class=\"elementor-element elementor-element-63d2d76 e-con-full contact-info-block e-flex e-con e-parent\" data-id=\"63d2d76\" data-element_type=\"container\" data-settings=\"{&quot;background_background&quot;:&quot;classic&quot;}\">\n\t\t<div class=\"elementor-element elementor-element-923c616 e-con-full e-flex e-con e-child\" data-id=\"923c616\" data-element_type=\"container\">\n\t\t\t\t<div class=\"elementor-element elementor-element-6fda0f3 wd-width-100 elementor-widget elementor-widget-wd_title\" data-id=\"6fda0f3\" data-element_type=\"widget\" data-widget_type=\"wd_title.default\">\n\t\t\t\t<div class=\"elementor-widget-container\">\n\t\t\t\t\t\t\t<div class=\"title-wrapper wd-set-mb reset-last-child wd-title-color-default wd-title-style-default wd-title-size-small text-left\">\n\n\t\t\t\n\t\t\t<div class=\"liner-continer\">\n\t\t\t\t<h3 class=\"woodmart-title-container title wd-fontsize-m\">Our Contacts:<\/h3> \n\t\t\t\t\t\t\t<\/div>\n\n\t\t\t\t\t<\/div>\n\t\t\t\t\t\t<\/div>\n\t\t\t\t<\/div>\n\t\t\t\t<div class=\"elementor-element elementor-element-a35ff6b elementor-widget elementor-widget-wd_list\" data-id=\"a35ff6b\" data-element_type=\"widget\" data-widget_type=\"wd_list.default\">\n\t\t\t\t<div class=\"elementor-widget-container\">\n\t\t\t\t\t\t\t<ul class=\"wd-list color-scheme-custom wd-fontsize-xs wd-type-icon wd-style-default text-left\">\n\t\t\t\t\t\t\t\t\t\t\t<li class=\"elementor-repeater-item-b7e03af\">\n\t\t\t\t\t\t\t\t\t\t\t<span class=\"wd-icon\"><img loading=\"lazy\" decoding=\"async\"  src=\"https:\/\/euro-brand.pl\/wp-content\/uploads\/2023\/01\/phone.svg\" title=\"phone\" loading=\"lazy\" width=\"32\" height=\"32\"><\/span>\t\t\t\t\t\n\t\t\t\t\t<span class=\"wd-list-content list-content\">\n\t\t\t\t\t\t+48 699 580 416\r\n\t\t\t\t\t<\/span>\n\n\t\t\t\t\t\n\t\t\t\t\t\t<a  href=\"tel:+48699580416\" class=\"wd-fill\" aria-label=\"List item link\"><\/a>\n\t\t\t\t\t\t\t\t\t<\/li>\n\t\t\t\t\t\t\t\t\t\t\t<li class=\"elementor-repeater-item-c05932f\">\n\t\t\t\t\t\t\t\t\t\t\t<span class=\"wd-icon\"><img loading=\"lazy\" decoding=\"async\"  src=\"https:\/\/euro-brand.pl\/wp-content\/uploads\/2023\/01\/email.svg\" title=\"email\" loading=\"lazy\" width=\"32\" height=\"32\"><\/span>\t\t\t\t\t\n\t\t\t\t\t<span class=\"wd-list-content list-content\">\n\t\t\t\t\t\tinfo@euro-brand-pl-417875.hostingersite.com\t\t\t\t\t<\/span>\n\n\t\t\t\t\t\n\t\t\t\t\t\t<a  href=\"mailto:info@euro-brand-pl-417875.hostingersite.com\" class=\"wd-fill\" aria-label=\"List item link\"><\/a>\n\t\t\t\t\t\t\t\t\t<\/li>\n\t\t\t\t\t\t\t\t\t\t\t<li class=\"elementor-repeater-item-291ad44\">\n\t\t\t\t\t\t\t\t\t\t\t<span class=\"wd-icon\"><img loading=\"lazy\" decoding=\"async\"  src=\"https:\/\/euro-brand.pl\/wp-content\/uploads\/2023\/01\/map-point.svg\" title=\"map-point\" loading=\"lazy\" width=\"32\" height=\"32\"><\/span>\t\t\t\t\t\n\t\t\t\t\t<span class=\"wd-list-content list-content\">\n\t\t\t\t\t\tAl. Jerozolimskie 107\r\nWarszawa  02-011\t\t\t\t\t<\/span>\n\n\t\t\t\t\t\n\t\t\t\t\t\t<a href=\"https:\/\/maps.app.goo.gl\/XGs484AjhbPRaYeX7\" class=\"wd-fill\" aria-label=\"List item link\" target=\"_blank\" rel=\"noopener\"><\/a>\n\t\t\t\t\t\t\t\t\t<\/li>\n\t\t\t\t\t<\/ul>\n\n\t\t\t\t\t\t<\/div>\n\t\t\t\t<\/div>\n\t\t\t\t<div class=\"elementor-element elementor-element-c1bdbc1 wd-width-100 elementor-widget elementor-widget-wd_title\" data-id=\"c1bdbc1\" data-element_type=\"widget\" data-widget_type=\"wd_title.default\">\n\t\t\t\t<div class=\"elementor-widget-container\">\n\t\t\t\t\t\t\t<div class=\"title-wrapper wd-set-mb reset-last-child wd-title-color-default wd-title-style-default wd-title-size-small text-left\">\n\n\t\t\t\n\t\t\t<div class=\"liner-continer\">\n\t\t\t\t<span class=\"woodmart-title-container title wd-fontsize-m\">and more:<\/span> \n\t\t\t\t\t\t\t<\/div>\n\n\t\t\t\t\t<\/div>\n\t\t\t\t\t\t<\/div>\n\t\t\t\t<\/div>\n\t\t\t\t<div class=\"elementor-element elementor-element-6006700 elementor-widget elementor-widget-wd_social_buttons\" data-id=\"6006700\" data-element_type=\"widget\" data-widget_type=\"wd_social_buttons.default\">\n\t\t\t\t<div class=\"elementor-widget-container\">\n\t\t\t\t\t\t\t\t<div id=\"\" class=\" wd-social-icons wd-style-colored wd-size-default social-follow wd-shape-circle color-scheme-dark text-left\">\n\t\t\t\t\n\t\t\t\t\n\t\t\t\t\t\t\t\t\t<a rel=\"noopener noreferrer nofollow\" href=\"https:\/\/www.facebook.com\/\" target=\"_blank\" class=\" wd-social-icon social-facebook\" aria-label=\"Facebook social link\">\n\t\t\t\t\t\t<span class=\"wd-icon\"><\/span>\n\t\t\t\t\t\t\t\t\t\t\t<\/a>\n\t\t\t\t\n\t\t\t\t\n\t\t\t\t\n\t\t\t\t\t\t\t\t\t<a rel=\"noopener noreferrer nofollow\" href=\"https:\/\/www.instagram.com\/modigifts\/\" target=\"_blank\" class=\" wd-social-icon social-instagram\" aria-label=\"Instagram social link\">\n\t\t\t\t\t\t<span class=\"wd-icon\"><\/span>\n\t\t\t\t\t\t\t\t\t\t\t<\/a>\n\t\t\t\t\n\t\t\t\t\n\t\t\t\t\n\t\t\t\t\n\t\t\t\t\t\t\t\t\t<a rel=\"noopener noreferrer nofollow\" href=\"#\" target=\"_blank\" class=\" wd-social-icon social-linkedin\" aria-label=\"Linkedin social link\">\n\t\t\t\t\t\t<span class=\"wd-icon\"><\/span>\n\t\t\t\t\t\t\t\t\t\t\t<\/a>\n\t\t\t\t\n\t\t\t\t\n\t\t\t\t\n\t\t\t\t\n\t\t\t\t\n\t\t\t\t\n\t\t\t\t\n\t\t\t\t\n\t\t\t\t\n\t\t\t\t\n\t\t\t\t\n\t\t\t\t\n\t\t\t\t\n\t\t\t\t\n\t\t\t\t\n\t\t\t\t\n\t\t\t\t\n\t\t\t\t\n\t\t\t<\/div>\n\n\t\t\t\t\t\t<\/div>\n\t\t\t\t<\/div>\n\t\t\t\t<\/div>\n\t\t\t\t<\/div>\n\t\t\t\t<\/div>\n\t\t<\/div>\n\t\t\t\t\t\t<\/div>\n\t\t\t\t<\/div>\n\t\t\t\t<\/div>\n\t\t\t\t<\/div>\n\t\t\t\t<\/div>\n\t\t","protected":false},"excerpt":{"rendered":"<p>W odpowiedzi na potrzeby naszych Klient\u00f3w wprowadzili\u015bmy us\u0142ug\u0119\u00a0IMPORT, kt\u00f3ra umo\u017cliwia kompleksow\u0105 obs\u0142ug\u0119 zam\u00f3wie\u0144 indywidualnych bezpo\u015brednio u dostawc\u00f3w z Dalekiego Wschodu.<\/p>\n","protected":false},"author":668,"featured_media":0,"parent":0,"menu_order":0,"comment_status":"closed","ping_status":"closed","template":"elementor_header_footer","meta":{"footnotes":""},"class_list":["post-81280","page","type-page","status-publish","hentry"],"_links":{"self":[{"href":"https:\/\/euro-brand.pl\/en\/wp-json\/wp\/v2\/pages\/81280","targetHints":{"allow":["GET"]}}],"collection":[{"href":"https:\/\/euro-brand.pl\/en\/wp-json\/wp\/v2\/pages"}],"about":[{"href":"https:\/\/euro-brand.pl\/en\/wp-json\/wp\/v2\/types\/page"}],"author":[{"embeddable":true,"href":"https:\/\/euro-brand.pl\/en\/wp-json\/wp\/v2\/users\/668"}],"replies":[{"embeddable":true,"href":"https:\/\/euro-brand.pl\/en\/wp-json\/wp\/v2\/comments?post=81280"}],"version-history":[{"count":0,"href":"https:\/\/euro-brand.pl\/en\/wp-json\/wp\/v2\/pages\/81280\/revisions"}],"wp:attachment":[{"href":"https:\/\/euro-brand.pl\/en\/wp-json\/wp\/v2\/media?parent=81280"}],"curies":[{"name":"wp","href":"https:\/\/api.w.org\/{rel}","templated":true}]}}