{"id":22180,"date":"2023-08-03T21:59:09","date_gmt":"2023-08-03T19:59:09","guid":{"rendered":"https:\/\/euro-brand-pl-417875.hostingersite.com\/\/catalog\/dvostoronna-kurtka-boron\/"},"modified":"2025-11-12T17:46:50","modified_gmt":"2025-11-12T15:46:50","slug":"22180","status":"publish","type":"product","link":"https:\/\/euro-brand.pl\/en\/catalog\/22180\/","title":{"rendered":"Dwustronna kurtka &#8220;Boron&#8221;"},"content":{"rendered":"<h3 data-start=\"1489\" data-end=\"1566\"><strong data-start=\"1498\" data-end=\"1564\">Reversible Jacket \u201cBoron\u201d \u2013 two looks, one unbeatable comfort!<\/strong><\/h3>\n<p data-start=\"1567\" data-end=\"1884\">The <strong data-start=\"1571\" data-end=\"1582\">\u201cBoron\u201d<\/strong> reversible unisex jacket is a perfect choice for those who value versatility and smart design.<br data-start=\"1677\" data-end=\"1680\" \/>Its <strong data-start=\"1684\" data-end=\"1711\">two-in-one construction<\/strong> lets you switch styles effortlessly \u2014 one side is made of <strong data-start=\"1770\" data-end=\"1799\">water-resistant polyester<\/strong>, while the other features <strong data-start=\"1826\" data-end=\"1847\">soft, warm fleece<\/strong> for extra coziness on colder days.<\/p>\n<p data-start=\"1886\" data-end=\"2083\">Equipped with <strong data-start=\"1900\" data-end=\"1931\">four functional zip pockets<\/strong> (two inside and two outside), it offers practical storage for all your essentials. The <strong data-start=\"2019\" data-end=\"2037\">two-way zipper<\/strong> adds even more convenience and flexibility.<\/p>\n<p data-start=\"2085\" data-end=\"2157\"> Choose <strong data-start=\"2095\" data-end=\"2106\">\u201cBoron\u201d<\/strong> \u2014 the jacket that adapts to you and any weather!<\/p>\n","protected":false},"excerpt":{"rendered":"<ul>\n<li data-start=\"674\" data-end=\"748\"><strong data-start=\"676\" data-end=\"700\">Materia\u0142 zewn\u0119trzny:<\/strong> 100% poliester, wodoodporny, g\u0119sto\u015b\u0107 100 g\/m\u00b2<\/li>\n<li data-start=\"749\" data-end=\"818\"><strong data-start=\"751\" data-end=\"775\">Materia\u0142 wewn\u0119trzny:<\/strong> 100% poliester (polar), g\u0119sto\u015b\u0107 220 g\/m\u00b2<\/li>\n<li data-start=\"819\" data-end=\"898\"><strong data-start=\"821\" data-end=\"840\">Funkcjonalno\u015b\u0107:<\/strong> dwustronna konstrukcja \u2013 wodoodporna i ocieplana strona<\/li>\n<li data-start=\"899\" data-end=\"946\"><strong data-start=\"901\" data-end=\"914\">Zapi\u0119cie:<\/strong> dwustronny zamek b\u0142yskawiczny<\/li>\n<li data-start=\"947\" data-end=\"1002\"><strong data-start=\"949\" data-end=\"963\">Kieszenie:<\/strong> 2 wewn\u0119trzne i 2 zewn\u0119trzne na zamek<\/li>\n<\/ul>\n","protected":false},"featured_media":84098,"template":"","meta":[],"product_brand":[],"product_cat":[233,237],"product_tag":[1218,1225,1234,1244,1273,1259,1226,1275,1227,1235,1271,1272],"class_list":{"0":"post-22180","1":"product","2":"type-product","3":"status-publish","4":"has-post-thumbnail","6":"product_cat-clothes","7":"product_cat-jackets","8":"product_tag-vesna-en","9":"product_tag-vesnyani-cholovichi-en","10":"product_tag-demisezonni-en","11":"product_tag-demisezonni-cholovichi-en","12":"product_tag-zeleni-en","13":"product_tag-osinni-en","14":"product_tag-osinni-cholovichi-en","15":"product_tag-syni-en","16":"product_tag-cholovichi-en","17":"product_tag-cholovichi-vesna-osin-en","18":"product_tag-chorni-en","19":"product_tag-chorni-cholovichi-en","21":"first","22":"instock","23":"shipping-taxable","24":"purchasable","25":"product-type-simple"},"_links":{"self":[{"href":"https:\/\/euro-brand.pl\/en\/wp-json\/wp\/v2\/product\/22180","targetHints":{"allow":["GET"]}}],"collection":[{"href":"https:\/\/euro-brand.pl\/en\/wp-json\/wp\/v2\/product"}],"about":[{"href":"https:\/\/euro-brand.pl\/en\/wp-json\/wp\/v2\/types\/product"}],"version-history":[{"count":0,"href":"https:\/\/euro-brand.pl\/en\/wp-json\/wp\/v2\/product\/22180\/revisions"}],"wp:featuredmedia":[{"embeddable":true,"href":"https:\/\/euro-brand.pl\/en\/wp-json\/wp\/v2\/media\/84098"}],"wp:attachment":[{"href":"https:\/\/euro-brand.pl\/en\/wp-json\/wp\/v2\/media?parent=22180"}],"wp:term":[{"taxonomy":"product_brand","embeddable":true,"href":"https:\/\/euro-brand.pl\/en\/wp-json\/wp\/v2\/product_brand?post=22180"},{"taxonomy":"product_cat","embeddable":true,"href":"https:\/\/euro-brand.pl\/en\/wp-json\/wp\/v2\/product_cat?post=22180"},{"taxonomy":"product_tag","embeddable":true,"href":"https:\/\/euro-brand.pl\/en\/wp-json\/wp\/v2\/product_tag?post=22180"}],"curies":[{"name":"wp","href":"https:\/\/api.w.org\/{rel}","templated":true}]}}