{"id":64798,"date":"2024-07-17T11:04:09","date_gmt":"2024-07-17T09:04:09","guid":{"rendered":"https:\/\/euro-brand-pl-417875.hostingersite.com\/catalog\/gnuchka-knyzhkova-lampa\/"},"modified":"2025-03-12T17:27:54","modified_gmt":"2025-03-12T15:27:54","slug":"64785","status":"publish","type":"product","link":"https:\/\/euro-brand.pl\/en\/catalog\/64785\/","title":{"rendered":"Elastyczna lampa do ksi\u0105\u017cek"},"content":{"rendered":"<p>Elastyczna lampa ksi\u0105\u017ckowa, akumulator 400 mAh, wej\u015bcie 5V\/1A.<\/p>\n","protected":false},"excerpt":{"rendered":"<div class=\"param_1 c1 \">\n<div class=\"param_1 c1 \">\n<div class=\"param_1 c1 \">Wymiary: 8 x 4,3 x 1,4 cm<br \/>\nMateria\u0142: tworzywo sztuczne<\/div>\n<\/div>\n<\/div>\n","protected":false},"featured_media":81949,"template":"","meta":[],"product_brand":[],"product_cat":[215,217,262],"product_tag":[],"class_list":{"0":"post-64798","1":"product","2":"type-product","3":"status-publish","4":"has-post-thumbnail","6":"product_cat-gadgets-and-electronics","7":"product_cat-accessories","8":"product_cat-flashlights","10":"first","11":"instock","12":"shipping-taxable","13":"purchasable","14":"product-type-simple"},"_links":{"self":[{"href":"https:\/\/euro-brand.pl\/en\/wp-json\/wp\/v2\/product\/64798","targetHints":{"allow":["GET"]}}],"collection":[{"href":"https:\/\/euro-brand.pl\/en\/wp-json\/wp\/v2\/product"}],"about":[{"href":"https:\/\/euro-brand.pl\/en\/wp-json\/wp\/v2\/types\/product"}],"version-history":[{"count":0,"href":"https:\/\/euro-brand.pl\/en\/wp-json\/wp\/v2\/product\/64798\/revisions"}],"wp:featuredmedia":[{"embeddable":true,"href":"https:\/\/euro-brand.pl\/en\/wp-json\/wp\/v2\/media\/81949"}],"wp:attachment":[{"href":"https:\/\/euro-brand.pl\/en\/wp-json\/wp\/v2\/media?parent=64798"}],"wp:term":[{"taxonomy":"product_brand","embeddable":true,"href":"https:\/\/euro-brand.pl\/en\/wp-json\/wp\/v2\/product_brand?post=64798"},{"taxonomy":"product_cat","embeddable":true,"href":"https:\/\/euro-brand.pl\/en\/wp-json\/wp\/v2\/product_cat?post=64798"},{"taxonomy":"product_tag","embeddable":true,"href":"https:\/\/euro-brand.pl\/en\/wp-json\/wp\/v2\/product_tag?post=64798"}],"curies":[{"name":"wp","href":"https:\/\/api.w.org\/{rel}","templated":true}]}}